{"id":7,"date":"2021-11-23T18:32:02","date_gmt":"2021-11-23T18:32:02","guid":{"rendered":"https:\/\/theshaverguide.com\/?page_id=7"},"modified":"2021-12-31T23:23:11","modified_gmt":"2021-12-31T23:23:11","slug":"contact","status":"publish","type":"page","link":"https:\/\/theshaverguide.com\/es\/contact\/","title":{"rendered":"Contacto"},"content":{"rendered":"<p>\u00a1Hola! Si tiene alguna pregunta o simplemente quiere saludar, env\u00edenos un correo electr\u00f3nico a\u00a0<a href=\"http:\/\/contact@theshaverguide.com\/es\/\" data-type=\"URL\" data-id=\"http:\/\/contact@theshaverguide.com\/\">contact@theshaverguide.com<\/a>.<\/p>\n\n\n<div class=\"gb-container gb-container-771a1784\"><div class=\"gb-inside-container\">\n\n<h2 class=\"wp-block-heading\">Suscr\u00edbete al bolet\u00edn o<\/h2>\n\n\n\n<\/div><\/div>","protected":false},"excerpt":{"rendered":"<p>\u00a1Hola! Si tiene alguna pregunta o simplemente quiere saludar, env\u00edenos un correo electr\u00f3nico a contact@theshaverguide.com. Suscr\u00edbete al bolet\u00edn o<\/p>","protected":false},"author":1,"featured_media":0,"parent":0,"menu_order":0,"comment_status":"closed","ping_status":"closed","template":"","meta":{"footnotes":""},"class_list":["post-7","page","type-page","status-publish"],"_links":{"self":[{"href":"https:\/\/theshaverguide.com\/es\/wp-json\/wp\/v2\/pages\/7","targetHints":{"allow":["GET"]}}],"collection":[{"href":"https:\/\/theshaverguide.com\/es\/wp-json\/wp\/v2\/pages"}],"about":[{"href":"https:\/\/theshaverguide.com\/es\/wp-json\/wp\/v2\/types\/page"}],"author":[{"embeddable":true,"href":"https:\/\/theshaverguide.com\/es\/wp-json\/wp\/v2\/users\/1"}],"replies":[{"embeddable":true,"href":"https:\/\/theshaverguide.com\/es\/wp-json\/wp\/v2\/comments?post=7"}],"version-history":[{"count":0,"href":"https:\/\/theshaverguide.com\/es\/wp-json\/wp\/v2\/pages\/7\/revisions"}],"wp:attachment":[{"href":"https:\/\/theshaverguide.com\/es\/wp-json\/wp\/v2\/media?parent=7"}],"curies":[{"name":"wp","href":"https:\/\/api.w.org\/{rel}","templated":true}]}}