{"id":6,"date":"2021-11-23T18:32:02","date_gmt":"2021-11-23T18:32:02","guid":{"rendered":"https:\/\/theshaverguide.com\/?page_id=6"},"modified":"2022-01-07T15:08:28","modified_gmt":"2022-01-07T15:08:28","slug":"about","status":"publish","type":"page","link":"https:\/\/theshaverguide.com\/es\/about\/","title":{"rendered":"Sobre nosotros"},"content":{"rendered":"<p>Hola, mi nombre es Allen Lynn y soy un <strong>Ingeniero electronico<\/strong> con especial inter\u00e9s en afeitadoras y recortadoras el\u00e9ctricas. Los he estado usando durante los \u00faltimos 10 a\u00f1os y puedo decir honestamente que lo he visto todo. Desde entonces, he tenido y probado docenas de modelos, desde modelos de alta gama hasta modelos econ\u00f3micos. <\/p>\n\n\n\n<p>Al crear The Shaver Guide, mi objetivo es simplemente ayudar a otros a evitar la molestia de una larga investigaci\u00f3n y costosas pruebas y errores. Todav\u00eda recuerdo la falta de informaci\u00f3n confiable cuando investigaba sobre afeitadoras en aquel entonces, as\u00ed que fue entonces cuando se me ocurri\u00f3 la idea de crear un recurso completo y \u00fatil.\u00a0<\/p>\n\n\n\n<h2 class=\"wp-block-heading\">\u00bfEst\u00e1 patrocinado por alguna marca de afeitadoras?<\/h2>\n\n\n\n<p><strong><a href=\"https:\/\/theshaverguide.com\/es\/\" target=\"_blank\" data-type=\"URL\" data-id=\"https:\/\/theshaverguide.com\/\" rel=\"noreferrer noopener\">La gu\u00eda de afeitadoras<\/a><\/strong>\u00a0no cuenta con el respaldo de ninguna marca y la informaci\u00f3n contenida en este sitio web representa mi opini\u00f3n personal.<\/p>\n\n\n\n<p>Solo comparto conocimientos y he investigado y evaluado productos que he probado personalmente y confirmado que funcionan. Te prometo que no encontrar\u00e1s teor\u00edas ni consejos no probados en este blog, pero a\u00fan as\u00ed es posible que se te escapen algunos errores. Antes de publicar una rese\u00f1a, pruebo cada afeitadora el\u00e9ctrica durante al menos dos semanas, si no m\u00e1s.<\/p>\n\n\n\n<p>Cada vez que descubro una alternativa mejor o sigo usando un producto en particular, actualizo las rese\u00f1as y gu\u00edas. Si te encuentras con uno, por favor\u00a0<a rel=\"noreferrer noopener\" href=\"https:\/\/theshaverguide.com\/es\/contact\/\" target=\"_blank\">h\u00e1gamelo saber<\/a>-Le agradeceria que verdaderamente.<\/p>\n\n\n\n<p>Adem\u00e1s, considere suscribirse al&nbsp;<a href=\"https:\/\/theshaverguide.com\/es\/contact\/\" target=\"_blank\" data-type=\"URL\" data-id=\"https:\/\/theshaverguide.com\/contact\/\" rel=\"noreferrer noopener\">Boletin informativo<\/a>. Solo env\u00edo algunos correos electr\u00f3nicos con contenido \u00fatil que ser\u00eda valioso para la mayor\u00eda de los hombres que usan o planean cambiar a una afeitadora el\u00e9ctrica. Puedes contactarme en los comentarios o por correo electr\u00f3nico, siempre respondo a todos.<\/p>\n\n\n\n<p>Atentamente,<\/p>\n\n\n\n<p>allen<\/p>","protected":false},"excerpt":{"rendered":"<p>Hola, mi nombre es Allen Lynn y soy ingeniero electr\u00f3nico con especial inter\u00e9s en afeitadoras y recortadoras el\u00e9ctricas. Los he estado usando durante los \u00faltimos 10 a\u00f1os y puedo decir honestamente que lo he visto... <\/p>\n<p class=\"read-more-container\"><a title=\"Sobre nosotros\" class=\"read-more button\" href=\"https:\/\/theshaverguide.com\/es\/about\/#more-6\" aria-label=\"M\u00e1s en Sobre nosotros\">Leer m\u00e1s<\/a><\/p>","protected":false},"author":1,"featured_media":0,"parent":0,"menu_order":0,"comment_status":"closed","ping_status":"closed","template":"","meta":{"footnotes":""},"class_list":["post-6","page","type-page","status-publish"],"_links":{"self":[{"href":"https:\/\/theshaverguide.com\/es\/wp-json\/wp\/v2\/pages\/6","targetHints":{"allow":["GET"]}}],"collection":[{"href":"https:\/\/theshaverguide.com\/es\/wp-json\/wp\/v2\/pages"}],"about":[{"href":"https:\/\/theshaverguide.com\/es\/wp-json\/wp\/v2\/types\/page"}],"author":[{"embeddable":true,"href":"https:\/\/theshaverguide.com\/es\/wp-json\/wp\/v2\/users\/1"}],"replies":[{"embeddable":true,"href":"https:\/\/theshaverguide.com\/es\/wp-json\/wp\/v2\/comments?post=6"}],"version-history":[{"count":0,"href":"https:\/\/theshaverguide.com\/es\/wp-json\/wp\/v2\/pages\/6\/revisions"}],"wp:attachment":[{"href":"https:\/\/theshaverguide.com\/es\/wp-json\/wp\/v2\/media?parent=6"}],"curies":[{"name":"wp","href":"https:\/\/api.w.org\/{rel}","templated":true}]}}