{"id":2947,"date":"2023-09-06T18:48:35","date_gmt":"2023-09-06T18:48:35","guid":{"rendered":"https:\/\/theshaverguide.com\/?page_id=2947"},"modified":"2023-09-06T18:48:45","modified_gmt":"2023-09-06T18:48:45","slug":"term-of-services","status":"publish","type":"page","link":"https:\/\/theshaverguide.com\/es\/term-of-services\/","title":{"rendered":"T\u00e9rmino de servicios"},"content":{"rendered":"<p>\u00daltima actualizaci\u00f3n: 29 de septiembre de 2022<\/p>\n\n\n\n<p>Lea atentamente estos T\u00e9rminos de uso (\u201cT\u00e9rminos\u201d, \u201cT\u00e9rminos de uso\u201d) antes de utilizar el <a href=\"https:\/\/theshaverguide.com\/es\/\" data-type=\"page\" data-id=\"5\">la gu\u00eda de afeitadora<\/a>\u00a0\u00a0sitio web operado por THESHAVERGUIDE.<\/p>\n\n\n\n<p>Su acceso y uso del Servicio est\u00e1 condicionado a su aceptaci\u00f3n y cumplimiento de estos T\u00e9rminos. Estos T\u00e9rminos se aplican a todos los visitantes, usuarios y otras personas que acceden o utilizan el Servicio.<\/p>\n\n\n\n<p>Al acceder o utilizar el Servicio, usted acepta estar sujeto a estos T\u00e9rminos. Si no est\u00e1 de acuerdo con alguna parte de los t\u00e9rminos, no podr\u00e1 acceder al Servicio.<\/p>\n\n\n\n<h2 class=\"wp-block-heading\">Propiedad intelectual<\/h2>\n\n\n\n<p>El Servicio y su contenido, caracter\u00edsticas y funcionalidad originales son y seguir\u00e1n siendo propiedad exclusiva de\u00a0<strong>la gu\u00eda de afeitadora<\/strong>\u00a0y sus licenciantes.<\/p>\n\n\n\n<h2 class=\"wp-block-heading\">Enlaces a otros sitios web<\/h2>\n\n\n\n<p>Nuestro Servicio puede contener enlaces a sitios web o servicios de terceros que no son propiedad ni est\u00e1n controlados por\u00a0<strong>la gu\u00eda de afeitadora<\/strong>.<\/p>\n\n\n\n<p>Bestcampingworld no tiene control ni asume responsabilidad alguna por el contenido, las pol\u00edticas de privacidad o las pr\u00e1cticas de los sitios web o servicios de terceros. Adem\u00e1s, reconoce y acepta que Bestcampingworld no ser\u00e1 responsable, directa o indirectamente, de ning\u00fan da\u00f1o o p\u00e9rdida causada o presuntamente causada por o en conexi\u00f3n con el uso o la confianza en dicho contenido, bienes o servicios disponibles en o a trav\u00e9s de dichos sitios web o servicios.<\/p>\n\n\n\n<p>Le recomendamos encarecidamente que lea los t\u00e9rminos y condiciones y las pol\u00edticas de privacidad de los sitios web o servicios de terceros que visite.<\/p>\n\n\n\n<h2 class=\"wp-block-heading\">Ley que rige<\/h2>\n\n\n\n<p>Estos T\u00e9rminos se regir\u00e1n e interpretar\u00e1n de acuerdo con las leyes de los Estados Unidos sin tener en cuenta sus disposiciones sobre conflicto de leyes.<\/p>\n\n\n\n<p>Nuestra incapacidad para hacer cumplir cualquier derecho o disposici\u00f3n de estos T\u00e9rminos no se considerar\u00e1 una renuncia a esos derechos. Si un tribunal considera que alguna disposici\u00f3n de estos T\u00e9rminos es inv\u00e1lida o inaplicable, las disposiciones restantes de estos T\u00e9rminos seguir\u00e1n vigentes. Estos T\u00e9rminos constituyen el acuerdo completo entre nosotros con respecto a nuestro Servicio y reemplazan y reemplazan cualquier acuerdo anterior que podamos tener entre nosotros con respecto al Servicio.<\/p>\n\n\n\n<h2 class=\"wp-block-heading\">Cambios<\/h2>\n\n\n\n<p>Nos reservamos el derecho, a nuestro exclusivo criterio, de modificar o reemplazar estos T\u00e9rminos en cualquier momento. Si una revisi\u00f3n es importante, intentaremos avisar con al menos 30 d\u00edas de antelaci\u00f3n antes de que los nuevos t\u00e9rminos entren en vigor. Lo que constituye un cambio material se determinar\u00e1 a nuestro exclusivo criterio.<\/p>\n\n\n\n<p>Al continuar accediendo o utilizando nuestro Servicio despu\u00e9s de que esas revisiones entren en vigencia, usted acepta estar sujeto a los t\u00e9rminos revisados. Si no est\u00e1 de acuerdo con los nuevos t\u00e9rminos, deje de utilizar el Servicio.<\/p>\n\n\n\n<h2 class=\"wp-block-heading\">Cont\u00e1ctenos<\/h2>\n\n\n\n<p>Si tiene alguna pregunta sobre estos T\u00e9rminos, por favor\u00a0<a href=\"https:\/\/theshaverguide.com\/es\/contact\/\" data-type=\"page\" data-id=\"7\">Cont\u00e1ctenos<\/a>.<\/p>","protected":false},"excerpt":{"rendered":"<p>\u00daltima actualizaci\u00f3n: 29 de septiembre de 2022 Lea atentamente estos T\u00e9rminos de uso (\u201cT\u00e9rminos\u201d, \u201cT\u00e9rminos de uso\u201d) antes de utilizar el sitio web theshaverguide operado por THESHAVERGUIDE. Su acceso y uso del Servicio est\u00e1 condicionado a su aceptaci\u00f3n y cumplimiento de... <\/p>\n<p class=\"read-more-container\"><a title=\"T\u00e9rmino de servicios\" class=\"read-more button\" href=\"https:\/\/theshaverguide.com\/es\/term-of-services\/#more-2947\" aria-label=\"M\u00e1s en T\u00e9rminos de Servicios\">Leer m\u00e1s<\/a><\/p>","protected":false},"author":1,"featured_media":0,"parent":0,"menu_order":0,"comment_status":"closed","ping_status":"closed","template":"","meta":{"footnotes":""},"class_list":["post-2947","page","type-page","status-publish"],"_links":{"self":[{"href":"https:\/\/theshaverguide.com\/es\/wp-json\/wp\/v2\/pages\/2947","targetHints":{"allow":["GET"]}}],"collection":[{"href":"https:\/\/theshaverguide.com\/es\/wp-json\/wp\/v2\/pages"}],"about":[{"href":"https:\/\/theshaverguide.com\/es\/wp-json\/wp\/v2\/types\/page"}],"author":[{"embeddable":true,"href":"https:\/\/theshaverguide.com\/es\/wp-json\/wp\/v2\/users\/1"}],"replies":[{"embeddable":true,"href":"https:\/\/theshaverguide.com\/es\/wp-json\/wp\/v2\/comments?post=2947"}],"version-history":[{"count":0,"href":"https:\/\/theshaverguide.com\/es\/wp-json\/wp\/v2\/pages\/2947\/revisions"}],"wp:attachment":[{"href":"https:\/\/theshaverguide.com\/es\/wp-json\/wp\/v2\/media?parent=2947"}],"curies":[{"name":"wp","href":"https:\/\/api.w.org\/{rel}","templated":true}]}}